{"id":1331,"date":"2020-04-28T14:57:05","date_gmt":"2020-04-28T12:57:05","guid":{"rendered":"https:\/\/www.djk-werden.de\/handball\/?page_id=1331"},"modified":"2025-09-05T09:42:28","modified_gmt":"2025-09-05T07:42:28","slug":"unterstuetzer","status":"publish","type":"page","link":"https:\/\/www.djk-werden.de\/handball\/unterstuetzer\/","title":{"rendered":"Unterst\u00fctzer"},"content":{"rendered":"\n<p>Wir bedanken uns bei unseren Unterst\u00fctzern!<\/p>\n\n\n\n<p><strong>Ihr m\u00f6chtet auch Unterst\u00fctzer werden? Nehmt daf\u00fcr gerne Kontakt zu unserem Sponsoringbeauftragten <a href=\"..\/handball\/kontaktpersonen\/#andreasjonas\">Andreas Jonas<\/a> auf!<\/strong><\/p>\n\n\n\n<div style=\"height:30px\" aria-hidden=\"true\" class=\"wp-block-spacer\"><\/div>\n\n\n\n<div class=\"wp-block-columns is-layout-flex wp-container-core-columns-is-layout-9d6595d7 wp-block-columns-is-layout-flex\">\n<div class=\"wp-block-column is-layout-flow wp-block-column-is-layout-flow\"><div class=\"wp-block-image\">\n<figure class=\"aligncenter size-large\"><img decoding=\"async\" src=\"https:\/\/www.djk-werden.de\/handball\/wp-content\/uploads\/logos_unterstuetzer\/2\/spardabank.png\" alt=\"\"\/><\/figure>\n<\/div><\/div>\n<\/div>\n\n\n\n<div class=\"wp-block-columns is-layout-flex wp-container-core-columns-is-layout-9d6595d7 wp-block-columns-is-layout-flex\">\n<div class=\"wp-block-column is-layout-flow wp-block-column-is-layout-flow\">\n<figure class=\"wp-block-image size-large\"><img decoding=\"async\" src=\"https:\/\/www.djk-werden.de\/handball\/wp-content\/uploads\/logos_unterstuetzer\/2\/diga.png\" alt=\"\"\/><\/figure>\n\n\n\n<figure class=\"wp-block-image size-large is-resized\"><a href=\"https:\/\/www.allbau.de\/\" target=\"_blank\" rel=\"noopener\"><img decoding=\"async\" src=\"https:\/\/www.djk-werden.de\/handball\/wp-content\/uploads\/logos_unterstuetzer\/1\/allbau.png\" alt=\"\" style=\"width:378px;height:157px\"\/><\/a><\/figure>\n<\/div>\n\n\n\n<div class=\"wp-block-column is-layout-flow wp-block-column-is-layout-flow\">\n<figure class=\"wp-block-image size-large is-resized\"><a href=\"https:\/\/www.moebel-rehmann.de\/\" target=\"_blank\" rel=\"noopener\"><img decoding=\"async\" src=\"https:\/\/www.djk-werden.de\/handball\/wp-content\/uploads\/logos_unterstuetzer\/1\/rehmann.png\" alt=\"\" style=\"width:279px;height:119px\"\/><\/a><\/figure>\n<\/div>\n<\/div>\n\n\n\n<p><\/p>\n","protected":false},"excerpt":{"rendered":"<p>Wir bedanken uns bei unseren Unterst\u00fctzern! Ihr m\u00f6chtet auch Unterst\u00fctzer werden? Nehmt daf\u00fcr gerne Kontakt zu unserem Sponsoringbeauftragten Andreas Jonas auf!<\/p>\n","protected":false},"author":1,"featured_media":0,"parent":0,"menu_order":0,"comment_status":"closed","ping_status":"closed","template":"","meta":{"footnotes":""},"class_list":["post-1331","page","type-page","status-publish","hentry"],"yoast_head":"<!-- This site is optimized with the Yoast SEO plugin v27.2 - https:\/\/yoast.com\/product\/yoast-seo-wordpress\/ -->\n<title>Unterst\u00fctzer - Handball - DJK Gr\u00fcn-Wei\u00df Essen-Werden\/Heidhausen e. V.<\/title>\n<meta name=\"robots\" content=\"index, follow, max-snippet:-1, max-image-preview:large, max-video-preview:-1\" \/>\n<link rel=\"canonical\" href=\"https:\/\/www.djk-werden.de\/handball\/unterstuetzer\/\" \/>\n<meta property=\"og:locale\" content=\"de_DE\" \/>\n<meta property=\"og:type\" content=\"article\" \/>\n<meta property=\"og:title\" content=\"Unterst\u00fctzer - Handball - DJK Gr\u00fcn-Wei\u00df Essen-Werden\/Heidhausen e. V.\" \/>\n<meta property=\"og:description\" content=\"Wir bedanken uns bei unseren Unterst\u00fctzern! Ihr m\u00f6chtet auch Unterst\u00fctzer werden? Nehmt daf\u00fcr gerne Kontakt zu unserem Sponsoringbeauftragten Andreas Jonas auf!\" \/>\n<meta property=\"og:url\" content=\"https:\/\/www.djk-werden.de\/handball\/unterstuetzer\/\" \/>\n<meta property=\"og:site_name\" content=\"Handball - DJK Gr\u00fcn-Wei\u00df Essen-Werden\/Heidhausen e. V.\" \/>\n<meta property=\"article:publisher\" content=\"https:\/\/www.facebook.com\/djkwerden\" \/>\n<meta property=\"article:modified_time\" content=\"2025-09-05T07:42:28+00:00\" \/>\n<meta property=\"og:image\" content=\"https:\/\/www.djk-werden.de\/handball\/wp-content\/uploads\/logos_unterstuetzer\/2\/spardabank.png\" \/>\n<meta name=\"twitter:card\" content=\"summary_large_image\" \/>\n<meta name=\"twitter:label1\" content=\"Gesch\u00e4tzte Lesezeit\" \/>\n\t<meta name=\"twitter:data1\" content=\"1\u00a0Minute\" \/>\n<script type=\"application\/ld+json\" class=\"yoast-schema-graph\">{\"@context\":\"https:\/\/schema.org\",\"@graph\":[{\"@type\":\"WebPage\",\"@id\":\"https:\/\/www.djk-werden.de\/handball\/unterstuetzer\/\",\"url\":\"https:\/\/www.djk-werden.de\/handball\/unterstuetzer\/\",\"name\":\"Unterst\u00fctzer - Handball - DJK Gr\u00fcn-Wei\u00df Essen-Werden\/Heidhausen e. V.\",\"isPartOf\":{\"@id\":\"https:\/\/www.djk-werden.de\/handball\/#website\"},\"primaryImageOfPage\":{\"@id\":\"https:\/\/www.djk-werden.de\/handball\/unterstuetzer\/#primaryimage\"},\"image\":{\"@id\":\"https:\/\/www.djk-werden.de\/handball\/unterstuetzer\/#primaryimage\"},\"thumbnailUrl\":\"https:\/\/www.djk-werden.de\/handball\/wp-content\/uploads\/logos_unterstuetzer\/2\/spardabank.png\",\"datePublished\":\"2020-04-28T12:57:05+00:00\",\"dateModified\":\"2025-09-05T07:42:28+00:00\",\"breadcrumb\":{\"@id\":\"https:\/\/www.djk-werden.de\/handball\/unterstuetzer\/#breadcrumb\"},\"inLanguage\":\"de\",\"potentialAction\":[{\"@type\":\"ReadAction\",\"target\":[\"https:\/\/www.djk-werden.de\/handball\/unterstuetzer\/\"]}]},{\"@type\":\"ImageObject\",\"inLanguage\":\"de\",\"@id\":\"https:\/\/www.djk-werden.de\/handball\/unterstuetzer\/#primaryimage\",\"url\":\"https:\/\/www.djk-werden.de\/handball\/wp-content\/uploads\/logos_unterstuetzer\/2\/spardabank.png\",\"contentUrl\":\"https:\/\/www.djk-werden.de\/handball\/wp-content\/uploads\/logos_unterstuetzer\/2\/spardabank.png\"},{\"@type\":\"BreadcrumbList\",\"@id\":\"https:\/\/www.djk-werden.de\/handball\/unterstuetzer\/#breadcrumb\",\"itemListElement\":[{\"@type\":\"ListItem\",\"position\":1,\"name\":\"Startseite\",\"item\":\"https:\/\/www.djk-werden.de\/handball\/\"},{\"@type\":\"ListItem\",\"position\":2,\"name\":\"Unterst\u00fctzer\"}]},{\"@type\":\"WebSite\",\"@id\":\"https:\/\/www.djk-werden.de\/handball\/#website\",\"url\":\"https:\/\/www.djk-werden.de\/handball\/\",\"name\":\"Handball - DJK Gr\u00fcn-Wei\u00df Essen-Werden\/Heidhausen e. V.\",\"description\":\"\",\"publisher\":{\"@id\":\"https:\/\/www.djk-werden.de\/handball\/#organization\"},\"potentialAction\":[{\"@type\":\"SearchAction\",\"target\":{\"@type\":\"EntryPoint\",\"urlTemplate\":\"https:\/\/www.djk-werden.de\/handball\/?s={search_term_string}\"},\"query-input\":{\"@type\":\"PropertyValueSpecification\",\"valueRequired\":true,\"valueName\":\"search_term_string\"}}],\"inLanguage\":\"de\"},{\"@type\":\"Organization\",\"@id\":\"https:\/\/www.djk-werden.de\/handball\/#organization\",\"name\":\"Handball - DJK Gr\u00fcn-Wei\u00df Essen-Werden\/Heidhausen e. V.\",\"url\":\"https:\/\/www.djk-werden.de\/handball\/\",\"logo\":{\"@type\":\"ImageObject\",\"inLanguage\":\"de\",\"@id\":\"https:\/\/www.djk-werden.de\/handball\/#\/schema\/logo\/image\/\",\"url\":\"https:\/\/www.djk-werden.de\/handball\/wp-content\/uploads\/2021\/05\/header_2021.png\",\"contentUrl\":\"https:\/\/www.djk-werden.de\/handball\/wp-content\/uploads\/2021\/05\/header_2021.png\",\"width\":1214,\"height\":171,\"caption\":\"Handball - DJK Gr\u00fcn-Wei\u00df Essen-Werden\/Heidhausen e. V.\"},\"image\":{\"@id\":\"https:\/\/www.djk-werden.de\/handball\/#\/schema\/logo\/image\/\"},\"sameAs\":[\"https:\/\/www.facebook.com\/djkwerden\"]}]}<\/script>\n<!-- \/ Yoast SEO plugin. -->","yoast_head_json":{"title":"Unterst\u00fctzer - Handball - DJK Gr\u00fcn-Wei\u00df Essen-Werden\/Heidhausen e. V.","robots":{"index":"index","follow":"follow","max-snippet":"max-snippet:-1","max-image-preview":"max-image-preview:large","max-video-preview":"max-video-preview:-1"},"canonical":"https:\/\/www.djk-werden.de\/handball\/unterstuetzer\/","og_locale":"de_DE","og_type":"article","og_title":"Unterst\u00fctzer - Handball - DJK Gr\u00fcn-Wei\u00df Essen-Werden\/Heidhausen e. V.","og_description":"Wir bedanken uns bei unseren Unterst\u00fctzern! Ihr m\u00f6chtet auch Unterst\u00fctzer werden? Nehmt daf\u00fcr gerne Kontakt zu unserem Sponsoringbeauftragten Andreas Jonas auf!","og_url":"https:\/\/www.djk-werden.de\/handball\/unterstuetzer\/","og_site_name":"Handball - DJK Gr\u00fcn-Wei\u00df Essen-Werden\/Heidhausen e. V.","article_publisher":"https:\/\/www.facebook.com\/djkwerden","article_modified_time":"2025-09-05T07:42:28+00:00","og_image":[{"url":"https:\/\/www.djk-werden.de\/handball\/wp-content\/uploads\/logos_unterstuetzer\/2\/spardabank.png","type":"","width":"","height":""}],"twitter_card":"summary_large_image","twitter_misc":{"Gesch\u00e4tzte Lesezeit":"1\u00a0Minute"},"schema":{"@context":"https:\/\/schema.org","@graph":[{"@type":"WebPage","@id":"https:\/\/www.djk-werden.de\/handball\/unterstuetzer\/","url":"https:\/\/www.djk-werden.de\/handball\/unterstuetzer\/","name":"Unterst\u00fctzer - Handball - DJK Gr\u00fcn-Wei\u00df Essen-Werden\/Heidhausen e. V.","isPartOf":{"@id":"https:\/\/www.djk-werden.de\/handball\/#website"},"primaryImageOfPage":{"@id":"https:\/\/www.djk-werden.de\/handball\/unterstuetzer\/#primaryimage"},"image":{"@id":"https:\/\/www.djk-werden.de\/handball\/unterstuetzer\/#primaryimage"},"thumbnailUrl":"https:\/\/www.djk-werden.de\/handball\/wp-content\/uploads\/logos_unterstuetzer\/2\/spardabank.png","datePublished":"2020-04-28T12:57:05+00:00","dateModified":"2025-09-05T07:42:28+00:00","breadcrumb":{"@id":"https:\/\/www.djk-werden.de\/handball\/unterstuetzer\/#breadcrumb"},"inLanguage":"de","potentialAction":[{"@type":"ReadAction","target":["https:\/\/www.djk-werden.de\/handball\/unterstuetzer\/"]}]},{"@type":"ImageObject","inLanguage":"de","@id":"https:\/\/www.djk-werden.de\/handball\/unterstuetzer\/#primaryimage","url":"https:\/\/www.djk-werden.de\/handball\/wp-content\/uploads\/logos_unterstuetzer\/2\/spardabank.png","contentUrl":"https:\/\/www.djk-werden.de\/handball\/wp-content\/uploads\/logos_unterstuetzer\/2\/spardabank.png"},{"@type":"BreadcrumbList","@id":"https:\/\/www.djk-werden.de\/handball\/unterstuetzer\/#breadcrumb","itemListElement":[{"@type":"ListItem","position":1,"name":"Startseite","item":"https:\/\/www.djk-werden.de\/handball\/"},{"@type":"ListItem","position":2,"name":"Unterst\u00fctzer"}]},{"@type":"WebSite","@id":"https:\/\/www.djk-werden.de\/handball\/#website","url":"https:\/\/www.djk-werden.de\/handball\/","name":"Handball - DJK Gr\u00fcn-Wei\u00df Essen-Werden\/Heidhausen e. V.","description":"","publisher":{"@id":"https:\/\/www.djk-werden.de\/handball\/#organization"},"potentialAction":[{"@type":"SearchAction","target":{"@type":"EntryPoint","urlTemplate":"https:\/\/www.djk-werden.de\/handball\/?s={search_term_string}"},"query-input":{"@type":"PropertyValueSpecification","valueRequired":true,"valueName":"search_term_string"}}],"inLanguage":"de"},{"@type":"Organization","@id":"https:\/\/www.djk-werden.de\/handball\/#organization","name":"Handball - DJK Gr\u00fcn-Wei\u00df Essen-Werden\/Heidhausen e. V.","url":"https:\/\/www.djk-werden.de\/handball\/","logo":{"@type":"ImageObject","inLanguage":"de","@id":"https:\/\/www.djk-werden.de\/handball\/#\/schema\/logo\/image\/","url":"https:\/\/www.djk-werden.de\/handball\/wp-content\/uploads\/2021\/05\/header_2021.png","contentUrl":"https:\/\/www.djk-werden.de\/handball\/wp-content\/uploads\/2021\/05\/header_2021.png","width":1214,"height":171,"caption":"Handball - DJK Gr\u00fcn-Wei\u00df Essen-Werden\/Heidhausen e. V."},"image":{"@id":"https:\/\/www.djk-werden.de\/handball\/#\/schema\/logo\/image\/"},"sameAs":["https:\/\/www.facebook.com\/djkwerden"]}]}},"_links":{"self":[{"href":"https:\/\/www.djk-werden.de\/handball\/wp-json\/wp\/v2\/pages\/1331","targetHints":{"allow":["GET"]}}],"collection":[{"href":"https:\/\/www.djk-werden.de\/handball\/wp-json\/wp\/v2\/pages"}],"about":[{"href":"https:\/\/www.djk-werden.de\/handball\/wp-json\/wp\/v2\/types\/page"}],"author":[{"embeddable":true,"href":"https:\/\/www.djk-werden.de\/handball\/wp-json\/wp\/v2\/users\/1"}],"replies":[{"embeddable":true,"href":"https:\/\/www.djk-werden.de\/handball\/wp-json\/wp\/v2\/comments?post=1331"}],"version-history":[{"count":2,"href":"https:\/\/www.djk-werden.de\/handball\/wp-json\/wp\/v2\/pages\/1331\/revisions"}],"predecessor-version":[{"id":38369,"href":"https:\/\/www.djk-werden.de\/handball\/wp-json\/wp\/v2\/pages\/1331\/revisions\/38369"}],"wp:attachment":[{"href":"https:\/\/www.djk-werden.de\/handball\/wp-json\/wp\/v2\/media?parent=1331"}],"curies":[{"name":"wp","href":"https:\/\/api.w.org\/{rel}","templated":true}]}}