{"id":1441,"date":"2020-05-02T11:25:20","date_gmt":"2020-05-02T09:25:20","guid":{"rendered":"https:\/\/www.djk-werden.de\/handball\/?page_id=1441"},"modified":"2025-07-07T10:21:55","modified_gmt":"2025-07-07T08:21:55","slug":"jugend","status":"publish","type":"page","link":"https:\/\/www.djk-werden.de\/handball\/jugend\/","title":{"rendered":"Jugendmannschaften"},"content":{"rendered":"\n<p>Die Werdener Handballjugend ist in den letzten Jahren stetig gewachsen und z\u00e4hlt mittlerweile deutlich \u00fcber 100 Kinder und Jugendliche. So freuen wir uns, auch in der Saison 2025\/2026 im Jungenbereich in allen Alterklassen an den Start zu gehen. Auch im M\u00e4dchenbereich wachsen wir weiter und treten in dieser Saison mit einer weiblichen C-Jugend im Spielbetrieb an. Zusammen mit den gemischten Mannschaften in den j\u00fcngeren Jahrg\u00e4ngen haben daher alle M\u00e4dchen von den Jahrg\u00e4ngen 2011 bis 2019 die M\u00f6glichkeit, bei uns im Verein Handball zu spielen.<\/p>\n\n\n\n<h4 class=\"wp-block-heading has-accent-color has-text-color\">Probetraining<\/h4>\n\n\n\n<p>Egal ob Anf\u00e4nger oder mit Vorerfahrung \u2013 bei uns hat Jede*r die M\u00f6glichkeit, Teil unserer gr\u00fcn-wei\u00dfen Handballfamilie zu werden! Alle interessierten Kinder und Jugendliche sind herzlich eingeladen, ein Probetraining bei uns zu absolvieren. Die aktuellen Trainingszeiten findet ihr <a href=\"..\/handball\/trainingszeiten\/\">hier<\/a> aufgelistet. Bei weiteren Fragen stehen euch die Ansprechpartner der Mannschaften nat\u00fcrlich gerne zur Verf\u00fcgung.<\/p>\n\n\n\n<h4 class=\"wp-block-heading has-accent-color has-text-color\">Alterseinteilung<\/h4>\n\n\n\n<p>In der Saison 2025\/2026 werden die Jugendmannschaften nach folgenden Altersklassen eingeteilt:<\/p>\n\n\n\n<figure class=\"wp-block-table is-style-stripes\"><table><thead><tr><th class=\"has-text-align-left\" data-align=\"left\">Mannschaft<\/th><th class=\"has-text-align-left\" data-align=\"left\">Jahrg\u00e4nge<\/th><th class=\"has-text-align-left\" data-align=\"left\">Ansprechpartner<\/th><\/tr><\/thead><tbody><tr><td class=\"has-text-align-left\" data-align=\"left\">A-Jugend <em>(m)<\/em><\/td><td class=\"has-text-align-left\" data-align=\"left\">2007\/08<\/td><td class=\"has-text-align-left\" data-align=\"left\"><a href=\"..\/handball\/kontaktpersonen#frederiksimon\">Frederik Simon<\/a><\/td><\/tr><tr><td class=\"has-text-align-left\" data-align=\"left\">B-Jugend <em>(m)<\/em><\/td><td class=\"has-text-align-left\" data-align=\"left\">2009\/10<\/td><td class=\"has-text-align-left\" data-align=\"left\"><a href=\"..\/handball\/kontaktpersonen#lucasjachens\">Lucas Jachens<\/a><\/td><\/tr><tr><td class=\"has-text-align-left\" data-align=\"left\">C-Jugend <em>(m)<\/em><\/td><td class=\"has-text-align-left\" data-align=\"left\">2011\/12<\/td><td class=\"has-text-align-left\" data-align=\"left\"><a href=\"..\/handball\/kontaktpersonen#fredericherrscher\">Frederic Herrscher<\/a><\/td><\/tr><tr><td class=\"has-text-align-left\" data-align=\"left\">C-Jugend <em>(w)<\/em><\/td><td class=\"has-text-align-left\" data-align=\"left\">2011\/12<\/td><td class=\"has-text-align-left\" data-align=\"left\"><a href=\"..\/handball\/kontaktpersonen#sandrasommer\">Sandra Sommer<\/a><\/td><\/tr><tr><td class=\"has-text-align-left\" data-align=\"left\">D-Jugend <em>(w\/m)<\/em><\/td><td class=\"has-text-align-left\" data-align=\"left\">2013\/14<\/td><td class=\"has-text-align-left\" data-align=\"left\"><a href=\"..\/handball\/kontaktpersonen#liamariedomeau\">Lia-Marie Domeau<\/a><\/td><\/tr><tr><td class=\"has-text-align-left\" data-align=\"left\"> E-Jugend <em>(w\/m)<\/em><\/td><td class=\"has-text-align-left\" data-align=\"left\">2015\/16<\/td><td class=\"has-text-align-left\" data-align=\"left\"><a href=\"..\/handball\/kontaktpersonen#fredericherrscher\">Frederic Herrscher<\/a><\/td><\/tr><tr><td class=\"has-text-align-left\" data-align=\"left\"> F-Jugend <em>(w\/m)<\/em><\/td><td class=\"has-text-align-left\" data-align=\"left\">2017\/18\/19<\/td><td class=\"has-text-align-left\" data-align=\"left\"><a href=\"https:\/\/www.djk-werden.de\/handball\/handball\/kontaktpersonen#timhecht\">Tim Hecht<\/a><\/td><\/tr><\/tbody><\/table><\/figure>\n\n\n\n<div style=\"height:20px\" aria-hidden=\"true\" class=\"wp-block-spacer\"><\/div>\n\n\n\n<h4 class=\"wp-block-heading has-accent-color has-text-color\">Mitgliedschaft &amp; Spielerpass<\/h4>\n\n\n\n<p>Alle Informationen zur Vereinsmitgliedschaft und zur Beantragung eines Spielerpasses findet ihr auf der Seite <a href=\"\/formulare-downloads\/\">&#8218;<\/a><a href=\"..\/handball\/mitgliedschaft\">Vereinsmitgliedschaft&#8216;<\/a>.<\/p>\n\n\n\n<h4 class=\"wp-block-heading has-accent-color has-text-color\">Kontakt<\/h4>\n\n\n\n<p>F\u00fcr alle Fragen stehen unser Jugendwart Dietmar Bode sowie die Ansprechpartner der einzelnen Mannschaften zur Verf\u00fcgung.<\/p>\n\n\n\n<div class=\"wp-block-columns is-layout-flex wp-container-core-columns-is-layout-9d6595d7 wp-block-columns-is-layout-flex\">\n<div class=\"wp-block-column is-layout-flow wp-block-column-is-layout-flow\" style=\"flex-basis:33%\">\n<figure class=\"wp-block-image size-large is-resized\"><img loading=\"lazy\" decoding=\"async\" src=\"https:\/\/www.djk-werden.de\/handball\/wp-content\/uploads\/2021\/06\/bode.png\" alt=\"\" class=\"wp-image-2900\" width=\"250\" height=\"250\" srcset=\"https:\/\/www.djk-werden.de\/handball\/wp-content\/uploads\/2021\/06\/bode.png 1000w, https:\/\/www.djk-werden.de\/handball\/wp-content\/uploads\/2021\/06\/bode-300x300.png 300w, https:\/\/www.djk-werden.de\/handball\/wp-content\/uploads\/2021\/06\/bode-100x100.png 100w, https:\/\/www.djk-werden.de\/handball\/wp-content\/uploads\/2021\/06\/bode-600x600.png 600w, https:\/\/www.djk-werden.de\/handball\/wp-content\/uploads\/2021\/06\/bode-150x150.png 150w, https:\/\/www.djk-werden.de\/handball\/wp-content\/uploads\/2021\/06\/bode-768x768.png 768w, https:\/\/www.djk-werden.de\/handball\/wp-content\/uploads\/2021\/06\/bode-710x710.png 710w\" sizes=\"auto, (max-width: 250px) 100vw, 250px\" \/><\/figure>\n<\/div>\n\n\n\n<div class=\"wp-block-column is-layout-flow wp-block-column-is-layout-flow\" style=\"flex-basis:66.66%\">\n<h4 class=\"has-accent-color\">Dietmar Bode<\/h4>\n\n\n\n<p><strong><strong>Jugendwart<\/strong><br><\/strong>Telefon: 0173 5422153<br>E-Mail: <a href=\"mailto:dietmar.bode@djk-werden.de\">dietmar.bode@djk-werden.de<\/a><\/p>\n<\/div>\n<\/div>\n","protected":false},"excerpt":{"rendered":"<p>Die Werdener Handballjugend ist in den letzten Jahren stetig gewachsen und z\u00e4hlt mittlerweile deutlich \u00fcber 100 Kinder und Jugendliche. So freuen wir uns, auch in &hellip; <\/p>\n","protected":false},"author":1,"featured_media":0,"parent":0,"menu_order":0,"comment_status":"closed","ping_status":"closed","template":"","meta":{"footnotes":""},"class_list":["post-1441","page","type-page","status-publish","hentry"],"yoast_head":"<!-- This site is optimized with the Yoast SEO plugin v27.2 - https:\/\/yoast.com\/product\/yoast-seo-wordpress\/ -->\n<title>Jugendmannschaften - Handball - DJK Gr\u00fcn-Wei\u00df Essen-Werden\/Heidhausen e. V.<\/title>\n<meta name=\"robots\" content=\"index, follow, max-snippet:-1, max-image-preview:large, max-video-preview:-1\" \/>\n<link rel=\"canonical\" href=\"https:\/\/www.djk-werden.de\/handball\/jugend\/\" \/>\n<meta property=\"og:locale\" content=\"de_DE\" \/>\n<meta property=\"og:type\" content=\"article\" \/>\n<meta property=\"og:title\" content=\"Jugendmannschaften - Handball - DJK Gr\u00fcn-Wei\u00df Essen-Werden\/Heidhausen e. V.\" \/>\n<meta property=\"og:description\" content=\"Die Werdener Handballjugend ist in den letzten Jahren stetig gewachsen und z\u00e4hlt mittlerweile deutlich \u00fcber 100 Kinder und Jugendliche. So freuen wir uns, auch in &hellip;\" \/>\n<meta property=\"og:url\" content=\"https:\/\/www.djk-werden.de\/handball\/jugend\/\" \/>\n<meta property=\"og:site_name\" content=\"Handball - DJK Gr\u00fcn-Wei\u00df Essen-Werden\/Heidhausen e. V.\" \/>\n<meta property=\"article:publisher\" content=\"https:\/\/www.facebook.com\/djkwerden\" \/>\n<meta property=\"article:modified_time\" content=\"2025-07-07T08:21:55+00:00\" \/>\n<meta name=\"twitter:card\" content=\"summary_large_image\" \/>\n<meta name=\"twitter:label1\" content=\"Gesch\u00e4tzte Lesezeit\" \/>\n\t<meta name=\"twitter:data1\" content=\"3\u00a0Minuten\" \/>\n<script type=\"application\/ld+json\" class=\"yoast-schema-graph\">{\"@context\":\"https:\/\/schema.org\",\"@graph\":[{\"@type\":\"WebPage\",\"@id\":\"https:\/\/www.djk-werden.de\/handball\/jugend\/\",\"url\":\"https:\/\/www.djk-werden.de\/handball\/jugend\/\",\"name\":\"Jugendmannschaften - Handball - DJK Gr\u00fcn-Wei\u00df Essen-Werden\/Heidhausen e. V.\",\"isPartOf\":{\"@id\":\"https:\/\/www.djk-werden.de\/handball\/#website\"},\"datePublished\":\"2020-05-02T09:25:20+00:00\",\"dateModified\":\"2025-07-07T08:21:55+00:00\",\"breadcrumb\":{\"@id\":\"https:\/\/www.djk-werden.de\/handball\/jugend\/#breadcrumb\"},\"inLanguage\":\"de\",\"potentialAction\":[{\"@type\":\"ReadAction\",\"target\":[\"https:\/\/www.djk-werden.de\/handball\/jugend\/\"]}]},{\"@type\":\"BreadcrumbList\",\"@id\":\"https:\/\/www.djk-werden.de\/handball\/jugend\/#breadcrumb\",\"itemListElement\":[{\"@type\":\"ListItem\",\"position\":1,\"name\":\"Startseite\",\"item\":\"https:\/\/www.djk-werden.de\/handball\/\"},{\"@type\":\"ListItem\",\"position\":2,\"name\":\"Jugendmannschaften\"}]},{\"@type\":\"WebSite\",\"@id\":\"https:\/\/www.djk-werden.de\/handball\/#website\",\"url\":\"https:\/\/www.djk-werden.de\/handball\/\",\"name\":\"Handball - DJK Gr\u00fcn-Wei\u00df Essen-Werden\/Heidhausen e. V.\",\"description\":\"\",\"publisher\":{\"@id\":\"https:\/\/www.djk-werden.de\/handball\/#organization\"},\"potentialAction\":[{\"@type\":\"SearchAction\",\"target\":{\"@type\":\"EntryPoint\",\"urlTemplate\":\"https:\/\/www.djk-werden.de\/handball\/?s={search_term_string}\"},\"query-input\":{\"@type\":\"PropertyValueSpecification\",\"valueRequired\":true,\"valueName\":\"search_term_string\"}}],\"inLanguage\":\"de\"},{\"@type\":\"Organization\",\"@id\":\"https:\/\/www.djk-werden.de\/handball\/#organization\",\"name\":\"Handball - DJK Gr\u00fcn-Wei\u00df Essen-Werden\/Heidhausen e. V.\",\"url\":\"https:\/\/www.djk-werden.de\/handball\/\",\"logo\":{\"@type\":\"ImageObject\",\"inLanguage\":\"de\",\"@id\":\"https:\/\/www.djk-werden.de\/handball\/#\/schema\/logo\/image\/\",\"url\":\"https:\/\/www.djk-werden.de\/handball\/wp-content\/uploads\/2021\/05\/header_2021.png\",\"contentUrl\":\"https:\/\/www.djk-werden.de\/handball\/wp-content\/uploads\/2021\/05\/header_2021.png\",\"width\":1214,\"height\":171,\"caption\":\"Handball - DJK Gr\u00fcn-Wei\u00df Essen-Werden\/Heidhausen e. V.\"},\"image\":{\"@id\":\"https:\/\/www.djk-werden.de\/handball\/#\/schema\/logo\/image\/\"},\"sameAs\":[\"https:\/\/www.facebook.com\/djkwerden\"]}]}<\/script>\n<!-- \/ Yoast SEO plugin. -->","yoast_head_json":{"title":"Jugendmannschaften - Handball - DJK Gr\u00fcn-Wei\u00df Essen-Werden\/Heidhausen e. V.","robots":{"index":"index","follow":"follow","max-snippet":"max-snippet:-1","max-image-preview":"max-image-preview:large","max-video-preview":"max-video-preview:-1"},"canonical":"https:\/\/www.djk-werden.de\/handball\/jugend\/","og_locale":"de_DE","og_type":"article","og_title":"Jugendmannschaften - Handball - DJK Gr\u00fcn-Wei\u00df Essen-Werden\/Heidhausen e. V.","og_description":"Die Werdener Handballjugend ist in den letzten Jahren stetig gewachsen und z\u00e4hlt mittlerweile deutlich \u00fcber 100 Kinder und Jugendliche. So freuen wir uns, auch in &hellip;","og_url":"https:\/\/www.djk-werden.de\/handball\/jugend\/","og_site_name":"Handball - DJK Gr\u00fcn-Wei\u00df Essen-Werden\/Heidhausen e. V.","article_publisher":"https:\/\/www.facebook.com\/djkwerden","article_modified_time":"2025-07-07T08:21:55+00:00","twitter_card":"summary_large_image","twitter_misc":{"Gesch\u00e4tzte Lesezeit":"3\u00a0Minuten"},"schema":{"@context":"https:\/\/schema.org","@graph":[{"@type":"WebPage","@id":"https:\/\/www.djk-werden.de\/handball\/jugend\/","url":"https:\/\/www.djk-werden.de\/handball\/jugend\/","name":"Jugendmannschaften - Handball - DJK Gr\u00fcn-Wei\u00df Essen-Werden\/Heidhausen e. V.","isPartOf":{"@id":"https:\/\/www.djk-werden.de\/handball\/#website"},"datePublished":"2020-05-02T09:25:20+00:00","dateModified":"2025-07-07T08:21:55+00:00","breadcrumb":{"@id":"https:\/\/www.djk-werden.de\/handball\/jugend\/#breadcrumb"},"inLanguage":"de","potentialAction":[{"@type":"ReadAction","target":["https:\/\/www.djk-werden.de\/handball\/jugend\/"]}]},{"@type":"BreadcrumbList","@id":"https:\/\/www.djk-werden.de\/handball\/jugend\/#breadcrumb","itemListElement":[{"@type":"ListItem","position":1,"name":"Startseite","item":"https:\/\/www.djk-werden.de\/handball\/"},{"@type":"ListItem","position":2,"name":"Jugendmannschaften"}]},{"@type":"WebSite","@id":"https:\/\/www.djk-werden.de\/handball\/#website","url":"https:\/\/www.djk-werden.de\/handball\/","name":"Handball - DJK Gr\u00fcn-Wei\u00df Essen-Werden\/Heidhausen e. V.","description":"","publisher":{"@id":"https:\/\/www.djk-werden.de\/handball\/#organization"},"potentialAction":[{"@type":"SearchAction","target":{"@type":"EntryPoint","urlTemplate":"https:\/\/www.djk-werden.de\/handball\/?s={search_term_string}"},"query-input":{"@type":"PropertyValueSpecification","valueRequired":true,"valueName":"search_term_string"}}],"inLanguage":"de"},{"@type":"Organization","@id":"https:\/\/www.djk-werden.de\/handball\/#organization","name":"Handball - DJK Gr\u00fcn-Wei\u00df Essen-Werden\/Heidhausen e. V.","url":"https:\/\/www.djk-werden.de\/handball\/","logo":{"@type":"ImageObject","inLanguage":"de","@id":"https:\/\/www.djk-werden.de\/handball\/#\/schema\/logo\/image\/","url":"https:\/\/www.djk-werden.de\/handball\/wp-content\/uploads\/2021\/05\/header_2021.png","contentUrl":"https:\/\/www.djk-werden.de\/handball\/wp-content\/uploads\/2021\/05\/header_2021.png","width":1214,"height":171,"caption":"Handball - DJK Gr\u00fcn-Wei\u00df Essen-Werden\/Heidhausen e. V."},"image":{"@id":"https:\/\/www.djk-werden.de\/handball\/#\/schema\/logo\/image\/"},"sameAs":["https:\/\/www.facebook.com\/djkwerden"]}]}},"_links":{"self":[{"href":"https:\/\/www.djk-werden.de\/handball\/wp-json\/wp\/v2\/pages\/1441","targetHints":{"allow":["GET"]}}],"collection":[{"href":"https:\/\/www.djk-werden.de\/handball\/wp-json\/wp\/v2\/pages"}],"about":[{"href":"https:\/\/www.djk-werden.de\/handball\/wp-json\/wp\/v2\/types\/page"}],"author":[{"embeddable":true,"href":"https:\/\/www.djk-werden.de\/handball\/wp-json\/wp\/v2\/users\/1"}],"replies":[{"embeddable":true,"href":"https:\/\/www.djk-werden.de\/handball\/wp-json\/wp\/v2\/comments?post=1441"}],"version-history":[{"count":17,"href":"https:\/\/www.djk-werden.de\/handball\/wp-json\/wp\/v2\/pages\/1441\/revisions"}],"predecessor-version":[{"id":38289,"href":"https:\/\/www.djk-werden.de\/handball\/wp-json\/wp\/v2\/pages\/1441\/revisions\/38289"}],"wp:attachment":[{"href":"https:\/\/www.djk-werden.de\/handball\/wp-json\/wp\/v2\/media?parent=1441"}],"curies":[{"name":"wp","href":"https:\/\/api.w.org\/{rel}","templated":true}]}}