{"id":1453,"date":"2020-05-02T11:50:15","date_gmt":"2020-05-02T09:50:15","guid":{"rendered":"https:\/\/www.djk-werden.de\/handball\/?page_id=1453"},"modified":"2025-07-06T12:10:46","modified_gmt":"2025-07-06T10:10:46","slug":"hallen","status":"publish","type":"page","link":"https:\/\/www.djk-werden.de\/handball\/hallen\/","title":{"rendered":"Hallen"},"content":{"rendered":"\n<p>Hier findet ihr die Adressen unserer Heimhalle im L\u00f6wental sowie den weiteren Trainingshallen.<\/p>\n\n\n\n<h4 class=\"has-accent-color has-text-color\">Sporthalle Im L\u00f6wental<\/h4>\n\n\n\n<p>Im L\u00f6wental 45<\/br>45239 Essen-Werden<\/p>\n\n\n\n<h4 class=\"has-accent-color has-text-color\">Sporthalle Mariengymnasium Werden<\/h4>\n\n\n\n<p>Br\u00fcckstra\u00dfe 108<\/br>45239 Essen-Werden<\/p>\n\n\n\n<h4 class=\"has-accent-color has-text-color\">Sporthalle Raumerstra\u00dfe<\/h4>\n\n\n\n<p>Raumerstra\u00dfe 57<\/br>45144 Essen-Frohnhausen<\/p>\n\n\n\n<html>\n\n<head>\n\t<meta http-equiv=\"content-type\" content=\"text\/html; charset=UTF-8\">\n\n\t<meta charset=\"utf-8\">\n\t<meta name=\"viewport\" content=\"width=device-width, initial-scale=1.0\">\n\n\t<link rel=\"stylesheet\" href=\"https:\/\/unpkg.com\/leaflet@1.7.1\/dist\/leaflet.css\">\n\t<script src=\"https:\/\/unpkg.com\/leaflet@1.7.1\/dist\/leaflet.js\"><\/script>\n\t<script src=\"\/handball\/karte\/hallen.geojson\"><\/script>\n\n\t<style>\n\t\t#map {\n\t\t\twidth: 100%;\n\t\t\theight: 500px;\n\t\t}\n\n\t\t.info {\n\t\t\tpadding: 6px 8px;\n\t\t\tfont: 14px\/16px Arial, Helvetica, sans-serif;\n\t\t\tbackground: white;\n\t\t\tbackground: rgba(255, 255, 255, 0.8);\n\t\t\tbox-shadow: 0 0 15px rgba(0, 0, 0, 0.2);\n\t\t\tborder-radius: 5px;\n\t\t}\n\n\t\t.info h4 {\n\t\t\tmargin: 0 0 5px;\n\t\t\tcolor: #777;\n\t\t}\n\n\t\t.legend {\n\t\t\ttext-align: left;\n\t\t\tline-height: 18px;\n\t\t\tcolor: #555;\n\t\t}\n\n\t\t.legend i {\n\t\t\twidth: 18px;\n\t\t\theight: 18px;\n\t\t\tfloat: left;\n\t\t\tmargin-right: 8px;\n\t\t\topacity: 0.7;\n\t\t}\n\t<\/style>\n<\/head>\n\n\n<div id='map'><\/div>\n\n<script>\n\n\tvar map = L.map('map').setView([51.42, 6.9894], 12);\n\n\tvar icon1 = L.icon({\n\t\ticonUrl: '\/handball\/karte\/icon.png',\n\t\ticonSize: [42, 57], \/\/ size of the icon\n\t\ticonAnchor: [20, 50], \/\/ point of the icon which will correspond to marker's location\n\t\tpopupAnchor: [0, -50] \/\/ point from which the popup should open relative to the iconAnchor\n\t});\n\n\n\n\n\tL.tileLayer('https:\/\/{s}.basemaps.cartocdn.com\/light_all\/{z}\/{x}\/{y}{r}.png', {\n\t\tattribution: '&copy; <a target=\"_blank\"\thref=\"https:\/\/www.openstreetmap.org\/copyright\">OpenStreetMap<\/a> contributors &copy; <a target=\"_blank\" href=\"https:\/\/carto.com\/attributions\">CARTO<\/a>',\n\t\tsubdomains: 'abcd',\n\t\tmaxZoom: 20,\n\t\tminZoom: 7,\n\t\tnoWrap: true\n\t}).addTo(map);\n\n\n\t\/*\n\n\tL.tileLayer('http:\/\/{s}.tile.openstreetmap.org\/{z}\/{x}\/{y}.png', {\n\t\tmaxZoom: 18,\n\t\tnoWrap:true,\n\t\tattribution: 'Map data &copy; <a href=\"http:\/\/openstreetmap.org\">OpenStreetMap<\/a> contributors '\n\t}).addTo(map);*\/\n\n\tL.geoJSON([hallen], { onEachFeature: zeigePopUp }).addTo(map);\n\n\n\tfunction zeigePopUp(feature, layer) {\n\t\tlayer.bindPopup('<b>' + feature.properties.name + '<\/b><\/br>' + feature.properties.str + '<\/br>' + feature.properties.plz);\n\t\tlayer.setIcon(icon1);\n\t}\n\n\n\n\n<\/script>\n\n<\/body>\n\n<\/html>\n","protected":false},"excerpt":{"rendered":"<p>Hier findet ihr die Adressen unserer Heimhalle im L\u00f6wental sowie den weiteren Trainingshallen. Sporthalle Im L\u00f6wental Im L\u00f6wental 4545239 Essen-Werden Sporthalle Mariengymnasium Werden Br\u00fcckstra\u00dfe 10845239 &hellip; <\/p>\n","protected":false},"author":1,"featured_media":0,"parent":0,"menu_order":0,"comment_status":"closed","ping_status":"closed","template":"","meta":{"footnotes":""},"class_list":["post-1453","page","type-page","status-publish","hentry"],"yoast_head":"<!-- This site is optimized with the Yoast SEO plugin v27.5 - https:\/\/yoast.com\/product\/yoast-seo-wordpress\/ -->\n<title>Hallen - Handball - DJK Gr\u00fcn-Wei\u00df Essen-Werden\/Heidhausen e. V.<\/title>\n<meta name=\"robots\" content=\"index, follow, max-snippet:-1, max-image-preview:large, max-video-preview:-1\" \/>\n<link rel=\"canonical\" href=\"https:\/\/www.djk-werden.de\/handball\/hallen\/\" \/>\n<meta property=\"og:locale\" content=\"de_DE\" \/>\n<meta property=\"og:type\" content=\"article\" \/>\n<meta property=\"og:title\" content=\"Hallen - Handball - DJK Gr\u00fcn-Wei\u00df Essen-Werden\/Heidhausen e. V.\" \/>\n<meta property=\"og:description\" content=\"Hier findet ihr die Adressen unserer Heimhalle im L\u00f6wental sowie den weiteren Trainingshallen. Sporthalle Im L\u00f6wental Im L\u00f6wental 4545239 Essen-Werden Sporthalle Mariengymnasium Werden Br\u00fcckstra\u00dfe 10845239 &hellip;\" \/>\n<meta property=\"og:url\" content=\"https:\/\/www.djk-werden.de\/handball\/hallen\/\" \/>\n<meta property=\"og:site_name\" content=\"Handball - DJK Gr\u00fcn-Wei\u00df Essen-Werden\/Heidhausen e. V.\" \/>\n<meta property=\"article:publisher\" content=\"https:\/\/www.facebook.com\/djkwerden\" \/>\n<meta property=\"article:modified_time\" content=\"2025-07-06T10:10:46+00:00\" \/>\n<meta name=\"twitter:card\" content=\"summary_large_image\" \/>\n<meta name=\"twitter:label1\" content=\"Gesch\u00e4tzte Lesezeit\" \/>\n\t<meta name=\"twitter:data1\" content=\"1\u00a0Minute\" \/>\n<script type=\"application\/ld+json\" class=\"yoast-schema-graph\">{\"@context\":\"https:\\\/\\\/schema.org\",\"@graph\":[{\"@type\":\"WebPage\",\"@id\":\"https:\\\/\\\/www.djk-werden.de\\\/handball\\\/hallen\\\/\",\"url\":\"https:\\\/\\\/www.djk-werden.de\\\/handball\\\/hallen\\\/\",\"name\":\"Hallen - Handball - DJK Gr\u00fcn-Wei\u00df Essen-Werden\\\/Heidhausen e. V.\",\"isPartOf\":{\"@id\":\"https:\\\/\\\/www.djk-werden.de\\\/handball\\\/#website\"},\"datePublished\":\"2020-05-02T09:50:15+00:00\",\"dateModified\":\"2025-07-06T10:10:46+00:00\",\"breadcrumb\":{\"@id\":\"https:\\\/\\\/www.djk-werden.de\\\/handball\\\/hallen\\\/#breadcrumb\"},\"inLanguage\":\"de\",\"potentialAction\":[{\"@type\":\"ReadAction\",\"target\":[\"https:\\\/\\\/www.djk-werden.de\\\/handball\\\/hallen\\\/\"]}]},{\"@type\":\"BreadcrumbList\",\"@id\":\"https:\\\/\\\/www.djk-werden.de\\\/handball\\\/hallen\\\/#breadcrumb\",\"itemListElement\":[{\"@type\":\"ListItem\",\"position\":1,\"name\":\"Startseite\",\"item\":\"https:\\\/\\\/www.djk-werden.de\\\/handball\\\/\"},{\"@type\":\"ListItem\",\"position\":2,\"name\":\"Hallen\"}]},{\"@type\":\"WebSite\",\"@id\":\"https:\\\/\\\/www.djk-werden.de\\\/handball\\\/#website\",\"url\":\"https:\\\/\\\/www.djk-werden.de\\\/handball\\\/\",\"name\":\"Handball - DJK Gr\u00fcn-Wei\u00df Essen-Werden\\\/Heidhausen e. V.\",\"description\":\"\",\"publisher\":{\"@id\":\"https:\\\/\\\/www.djk-werden.de\\\/handball\\\/#organization\"},\"potentialAction\":[{\"@type\":\"SearchAction\",\"target\":{\"@type\":\"EntryPoint\",\"urlTemplate\":\"https:\\\/\\\/www.djk-werden.de\\\/handball\\\/?s={search_term_string}\"},\"query-input\":{\"@type\":\"PropertyValueSpecification\",\"valueRequired\":true,\"valueName\":\"search_term_string\"}}],\"inLanguage\":\"de\"},{\"@type\":\"Organization\",\"@id\":\"https:\\\/\\\/www.djk-werden.de\\\/handball\\\/#organization\",\"name\":\"Handball - DJK Gr\u00fcn-Wei\u00df Essen-Werden\\\/Heidhausen e. V.\",\"url\":\"https:\\\/\\\/www.djk-werden.de\\\/handball\\\/\",\"logo\":{\"@type\":\"ImageObject\",\"inLanguage\":\"de\",\"@id\":\"https:\\\/\\\/www.djk-werden.de\\\/handball\\\/#\\\/schema\\\/logo\\\/image\\\/\",\"url\":\"https:\\\/\\\/www.djk-werden.de\\\/handball\\\/wp-content\\\/uploads\\\/2021\\\/05\\\/header_2021.png\",\"contentUrl\":\"https:\\\/\\\/www.djk-werden.de\\\/handball\\\/wp-content\\\/uploads\\\/2021\\\/05\\\/header_2021.png\",\"width\":1214,\"height\":171,\"caption\":\"Handball - DJK Gr\u00fcn-Wei\u00df Essen-Werden\\\/Heidhausen e. V.\"},\"image\":{\"@id\":\"https:\\\/\\\/www.djk-werden.de\\\/handball\\\/#\\\/schema\\\/logo\\\/image\\\/\"},\"sameAs\":[\"https:\\\/\\\/www.facebook.com\\\/djkwerden\"]}]}<\/script>\n<!-- \/ Yoast SEO plugin. -->","yoast_head_json":{"title":"Hallen - Handball - DJK Gr\u00fcn-Wei\u00df Essen-Werden\/Heidhausen e. V.","robots":{"index":"index","follow":"follow","max-snippet":"max-snippet:-1","max-image-preview":"max-image-preview:large","max-video-preview":"max-video-preview:-1"},"canonical":"https:\/\/www.djk-werden.de\/handball\/hallen\/","og_locale":"de_DE","og_type":"article","og_title":"Hallen - Handball - DJK Gr\u00fcn-Wei\u00df Essen-Werden\/Heidhausen e. V.","og_description":"Hier findet ihr die Adressen unserer Heimhalle im L\u00f6wental sowie den weiteren Trainingshallen. Sporthalle Im L\u00f6wental Im L\u00f6wental 4545239 Essen-Werden Sporthalle Mariengymnasium Werden Br\u00fcckstra\u00dfe 10845239 &hellip;","og_url":"https:\/\/www.djk-werden.de\/handball\/hallen\/","og_site_name":"Handball - DJK Gr\u00fcn-Wei\u00df Essen-Werden\/Heidhausen e. V.","article_publisher":"https:\/\/www.facebook.com\/djkwerden","article_modified_time":"2025-07-06T10:10:46+00:00","twitter_card":"summary_large_image","twitter_misc":{"Gesch\u00e4tzte Lesezeit":"1\u00a0Minute"},"schema":{"@context":"https:\/\/schema.org","@graph":[{"@type":"WebPage","@id":"https:\/\/www.djk-werden.de\/handball\/hallen\/","url":"https:\/\/www.djk-werden.de\/handball\/hallen\/","name":"Hallen - Handball - DJK Gr\u00fcn-Wei\u00df Essen-Werden\/Heidhausen e. V.","isPartOf":{"@id":"https:\/\/www.djk-werden.de\/handball\/#website"},"datePublished":"2020-05-02T09:50:15+00:00","dateModified":"2025-07-06T10:10:46+00:00","breadcrumb":{"@id":"https:\/\/www.djk-werden.de\/handball\/hallen\/#breadcrumb"},"inLanguage":"de","potentialAction":[{"@type":"ReadAction","target":["https:\/\/www.djk-werden.de\/handball\/hallen\/"]}]},{"@type":"BreadcrumbList","@id":"https:\/\/www.djk-werden.de\/handball\/hallen\/#breadcrumb","itemListElement":[{"@type":"ListItem","position":1,"name":"Startseite","item":"https:\/\/www.djk-werden.de\/handball\/"},{"@type":"ListItem","position":2,"name":"Hallen"}]},{"@type":"WebSite","@id":"https:\/\/www.djk-werden.de\/handball\/#website","url":"https:\/\/www.djk-werden.de\/handball\/","name":"Handball - DJK Gr\u00fcn-Wei\u00df Essen-Werden\/Heidhausen e. V.","description":"","publisher":{"@id":"https:\/\/www.djk-werden.de\/handball\/#organization"},"potentialAction":[{"@type":"SearchAction","target":{"@type":"EntryPoint","urlTemplate":"https:\/\/www.djk-werden.de\/handball\/?s={search_term_string}"},"query-input":{"@type":"PropertyValueSpecification","valueRequired":true,"valueName":"search_term_string"}}],"inLanguage":"de"},{"@type":"Organization","@id":"https:\/\/www.djk-werden.de\/handball\/#organization","name":"Handball - DJK Gr\u00fcn-Wei\u00df Essen-Werden\/Heidhausen e. V.","url":"https:\/\/www.djk-werden.de\/handball\/","logo":{"@type":"ImageObject","inLanguage":"de","@id":"https:\/\/www.djk-werden.de\/handball\/#\/schema\/logo\/image\/","url":"https:\/\/www.djk-werden.de\/handball\/wp-content\/uploads\/2021\/05\/header_2021.png","contentUrl":"https:\/\/www.djk-werden.de\/handball\/wp-content\/uploads\/2021\/05\/header_2021.png","width":1214,"height":171,"caption":"Handball - DJK Gr\u00fcn-Wei\u00df Essen-Werden\/Heidhausen e. V."},"image":{"@id":"https:\/\/www.djk-werden.de\/handball\/#\/schema\/logo\/image\/"},"sameAs":["https:\/\/www.facebook.com\/djkwerden"]}]}},"_links":{"self":[{"href":"https:\/\/www.djk-werden.de\/handball\/wp-json\/wp\/v2\/pages\/1453","targetHints":{"allow":["GET"]}}],"collection":[{"href":"https:\/\/www.djk-werden.de\/handball\/wp-json\/wp\/v2\/pages"}],"about":[{"href":"https:\/\/www.djk-werden.de\/handball\/wp-json\/wp\/v2\/types\/page"}],"author":[{"embeddable":true,"href":"https:\/\/www.djk-werden.de\/handball\/wp-json\/wp\/v2\/users\/1"}],"replies":[{"embeddable":true,"href":"https:\/\/www.djk-werden.de\/handball\/wp-json\/wp\/v2\/comments?post=1453"}],"version-history":[{"count":4,"href":"https:\/\/www.djk-werden.de\/handball\/wp-json\/wp\/v2\/pages\/1453\/revisions"}],"predecessor-version":[{"id":38243,"href":"https:\/\/www.djk-werden.de\/handball\/wp-json\/wp\/v2\/pages\/1453\/revisions\/38243"}],"wp:attachment":[{"href":"https:\/\/www.djk-werden.de\/handball\/wp-json\/wp\/v2\/media?parent=1453"}],"curies":[{"name":"wp","href":"https:\/\/api.w.org\/{rel}","templated":true}]}}