{"id":31,"date":"2018-10-23T08:04:01","date_gmt":"2018-10-23T08:04:01","guid":{"rendered":"https:\/\/futuriodemos.com\/default-demo\/?page_id=31"},"modified":"2024-12-20T11:40:00","modified_gmt":"2024-12-20T10:40:00","slug":"home","status":"publish","type":"page","link":"https:\/\/www.djk-werden.de\/handball\/","title":{"rendered":"Home"},"content":{"rendered":"<h4><span style=\"color: #007a12;\">Alle wichtigen Informationen der Handball-Abteilung in unserer DJK-Werden App!<\/span><\/h4>\n<p>Jetzt im <a href=\"https:\/\/apps.apple.com\/de\/app\/id1302858261\" target=\"_blank\" rel=\"noopener\">AppStore<\/a> und <a href=\"https:\/\/play.google.com\/store\/apps\/details?id=de.djkgwwerden.app&amp;hl=de\" target=\"_blank\" rel=\"noopener\">Google PlayStore<\/a> kostenlos downloaden!<\/p>\n<p>Die offizielle Handball-App der DJK Gr\u00fcn-Wei\u00df Werden! Mit dieser App habt Ihr Spielst\u00e4nde, Ergebnisse und aktuelle Neuigkeiten aller unserer Mannschaften stets im Blick.<\/p>\n\n\n<div class=\"wp-block-columns is-layout-flex wp-container-core-columns-is-layout-9d6595d7 wp-block-columns-is-layout-flex\">\n<div class=\"wp-block-column is-layout-flow wp-block-column-is-layout-flow\"><div class=\"wp-block-image\">\n<figure class=\"alignleft size-large\"><img loading=\"lazy\" decoding=\"async\" width=\"305\" height=\"553\" src=\"https:\/\/www.djk-werden.de\/handball\/wp-content\/uploads\/2020\/08\/1-1.png\" alt=\"\" class=\"wp-image-1742\" srcset=\"https:\/\/www.djk-werden.de\/handball\/wp-content\/uploads\/2020\/08\/1-1.png 305w, https:\/\/www.djk-werden.de\/handball\/wp-content\/uploads\/2020\/08\/1-1-165x300.png 165w\" sizes=\"auto, (max-width: 305px) 100vw, 305px\" \/><\/figure>\n<\/div><\/div>\n\n\n\n<div class=\"wp-block-column is-layout-flow wp-block-column-is-layout-flow\"><div class=\"wp-block-image\">\n<figure class=\"alignleft size-large\"><img loading=\"lazy\" decoding=\"async\" width=\"305\" height=\"553\" src=\"https:\/\/www.djk-werden.de\/handball\/wp-content\/uploads\/2020\/08\/2-1.png\" alt=\"\" class=\"wp-image-1743\" srcset=\"https:\/\/www.djk-werden.de\/handball\/wp-content\/uploads\/2020\/08\/2-1.png 305w, https:\/\/www.djk-werden.de\/handball\/wp-content\/uploads\/2020\/08\/2-1-165x300.png 165w\" sizes=\"auto, (max-width: 305px) 100vw, 305px\" \/><\/figure>\n<\/div><\/div>\n<\/div>\n\n\n\n<hr class=\"wp-block-separator has-text-color has-accent-color has-css-opacity has-accent-background-color has-background is-style-wide\"\/>\n\n\n\n<div style=\"height:10px\" aria-hidden=\"true\" class=\"wp-block-spacer\"><\/div>\n\n\n\n<div style=\"height:10px\" aria-hidden=\"true\" class=\"wp-block-spacer\"><\/div>\n\n\n\n<h3 class=\"wp-block-heading has-accent-color has-text-color\">Kooperation: SPORTS ATHLETIC &#8211; Pr\u00e4ventions-Training f\u00fcr Handballer<\/h3>\n\n\n\n<figure class=\"wp-block-image size-large is-resized\"><img loading=\"lazy\" decoding=\"async\" width=\"1024\" height=\"302\" src=\"https:\/\/www.djk-werden.de\/handball\/wp-content\/uploads\/2022\/04\/Schrift-daneben-mit-Hintergrund-weiss-1024x302.png\" alt=\"\" class=\"wp-image-5911\" style=\"width:512px;height:151px\" srcset=\"https:\/\/www.djk-werden.de\/handball\/wp-content\/uploads\/2022\/04\/Schrift-daneben-mit-Hintergrund-weiss-1024x302.png 1024w, https:\/\/www.djk-werden.de\/handball\/wp-content\/uploads\/2022\/04\/Schrift-daneben-mit-Hintergrund-weiss-600x177.png 600w, https:\/\/www.djk-werden.de\/handball\/wp-content\/uploads\/2022\/04\/Schrift-daneben-mit-Hintergrund-weiss-300x88.png 300w, https:\/\/www.djk-werden.de\/handball\/wp-content\/uploads\/2022\/04\/Schrift-daneben-mit-Hintergrund-weiss-768x226.png 768w, https:\/\/www.djk-werden.de\/handball\/wp-content\/uploads\/2022\/04\/Schrift-daneben-mit-Hintergrund-weiss.png 1170w\" sizes=\"auto, (max-width: 1024px) 100vw, 1024px\" \/><\/figure>\n\n\n\n<p>Die Handballabteilung der DJK Gr\u00fcn-Wei\u00df Werden freut sich, mit der App &#8222;Sports Athletic&#8220; zu kooperieren. Damit k\u00f6nnen hochwertige Athletiktrainings f\u00fcr Jugend- und Erwachsenenmannschaften in unter einer Minute erstellt werden &#8211; f\u00fcr den Handball und auch andere Mannschaftssportarten!<\/p>\n\n\n\n<p>Alle weiteren Informationen findet ihr auf -&gt; <a href=\"https:\/\/www.sports-athletic.com\/\" target=\"_blank\" rel=\"noreferrer noopener\">www.sports-athletic.com<\/a><\/p>\n","protected":false},"excerpt":{"rendered":"<p>Alle wichtigen Informationen der Handball-Abteilung in unserer DJK-Werden App! Jetzt im AppStore und Google PlayStore kostenlos downloaden! Die offizielle Handball-App der DJK Gr\u00fcn-Wei\u00df Werden! Mit &hellip; <\/p>\n","protected":false},"author":1,"featured_media":0,"parent":0,"menu_order":0,"comment_status":"closed","ping_status":"closed","template":"","meta":{"footnotes":""},"class_list":["post-31","page","type-page","status-publish","hentry"],"yoast_head":"<!-- This site is optimized with the Yoast SEO plugin v27.2 - https:\/\/yoast.com\/product\/yoast-seo-wordpress\/ -->\n<title>Handball - DJK Gr\u00fcn-Wei\u00df Essen-Werden\/Heidhausen e. V.<\/title>\n<meta name=\"robots\" content=\"index, follow, max-snippet:-1, max-image-preview:large, max-video-preview:-1\" \/>\n<link rel=\"canonical\" href=\"https:\/\/www.djk-werden.de\/handball\/\" \/>\n<meta property=\"og:locale\" content=\"de_DE\" \/>\n<meta property=\"og:type\" content=\"article\" \/>\n<meta property=\"og:title\" content=\"Handball - DJK Gr\u00fcn-Wei\u00df Essen-Werden\/Heidhausen e. V.\" \/>\n<meta property=\"og:description\" content=\"Alle wichtigen Informationen der Handball-Abteilung in unserer DJK-Werden App! Jetzt im AppStore und Google PlayStore kostenlos downloaden! Die offizielle Handball-App der DJK Gr\u00fcn-Wei\u00df Werden! Mit &hellip;\" \/>\n<meta property=\"og:url\" content=\"https:\/\/www.djk-werden.de\/handball\/\" \/>\n<meta property=\"og:site_name\" content=\"Handball - DJK Gr\u00fcn-Wei\u00df Essen-Werden\/Heidhausen e. V.\" \/>\n<meta property=\"article:publisher\" content=\"https:\/\/www.facebook.com\/djkwerden\" \/>\n<meta property=\"article:modified_time\" content=\"2024-12-20T10:40:00+00:00\" \/>\n<meta property=\"og:image\" content=\"https:\/\/www.djk-werden.de\/handball\/wp-content\/uploads\/2020\/08\/1-1.png\" \/>\n<meta name=\"twitter:card\" content=\"summary_large_image\" \/>\n<meta name=\"twitter:label1\" content=\"Gesch\u00e4tzte Lesezeit\" \/>\n\t<meta name=\"twitter:data1\" content=\"2\u00a0Minuten\" \/>\n<script type=\"application\/ld+json\" class=\"yoast-schema-graph\">{\"@context\":\"https:\/\/schema.org\",\"@graph\":[{\"@type\":\"WebPage\",\"@id\":\"https:\/\/www.djk-werden.de\/handball\/\",\"url\":\"https:\/\/www.djk-werden.de\/handball\/\",\"name\":\"Handball - DJK Gr\u00fcn-Wei\u00df Essen-Werden\/Heidhausen e. V.\",\"isPartOf\":{\"@id\":\"https:\/\/www.djk-werden.de\/handball\/#website\"},\"primaryImageOfPage\":{\"@id\":\"https:\/\/www.djk-werden.de\/handball\/#primaryimage\"},\"image\":{\"@id\":\"https:\/\/www.djk-werden.de\/handball\/#primaryimage\"},\"thumbnailUrl\":\"https:\/\/www.djk-werden.de\/handball\/wp-content\/uploads\/2020\/08\/1-1.png\",\"datePublished\":\"2018-10-23T08:04:01+00:00\",\"dateModified\":\"2024-12-20T10:40:00+00:00\",\"breadcrumb\":{\"@id\":\"https:\/\/www.djk-werden.de\/handball\/#breadcrumb\"},\"inLanguage\":\"de\",\"potentialAction\":[{\"@type\":\"ReadAction\",\"target\":[\"https:\/\/www.djk-werden.de\/handball\/\"]}]},{\"@type\":\"ImageObject\",\"inLanguage\":\"de\",\"@id\":\"https:\/\/www.djk-werden.de\/handball\/#primaryimage\",\"url\":\"https:\/\/www.djk-werden.de\/handball\/wp-content\/uploads\/2020\/08\/1-1.png\",\"contentUrl\":\"https:\/\/www.djk-werden.de\/handball\/wp-content\/uploads\/2020\/08\/1-1.png\",\"width\":305,\"height\":553},{\"@type\":\"BreadcrumbList\",\"@id\":\"https:\/\/www.djk-werden.de\/handball\/#breadcrumb\",\"itemListElement\":[{\"@type\":\"ListItem\",\"position\":1,\"name\":\"Startseite\",\"item\":\"https:\/\/www.djk-werden.de\/handball\/\"},{\"@type\":\"ListItem\",\"position\":2,\"name\":\"Home\"}]},{\"@type\":\"WebSite\",\"@id\":\"https:\/\/www.djk-werden.de\/handball\/#website\",\"url\":\"https:\/\/www.djk-werden.de\/handball\/\",\"name\":\"Handball - DJK Gr\u00fcn-Wei\u00df Essen-Werden\/Heidhausen e. V.\",\"description\":\"\",\"publisher\":{\"@id\":\"https:\/\/www.djk-werden.de\/handball\/#organization\"},\"potentialAction\":[{\"@type\":\"SearchAction\",\"target\":{\"@type\":\"EntryPoint\",\"urlTemplate\":\"https:\/\/www.djk-werden.de\/handball\/?s={search_term_string}\"},\"query-input\":{\"@type\":\"PropertyValueSpecification\",\"valueRequired\":true,\"valueName\":\"search_term_string\"}}],\"inLanguage\":\"de\"},{\"@type\":\"Organization\",\"@id\":\"https:\/\/www.djk-werden.de\/handball\/#organization\",\"name\":\"Handball - DJK Gr\u00fcn-Wei\u00df Essen-Werden\/Heidhausen e. V.\",\"url\":\"https:\/\/www.djk-werden.de\/handball\/\",\"logo\":{\"@type\":\"ImageObject\",\"inLanguage\":\"de\",\"@id\":\"https:\/\/www.djk-werden.de\/handball\/#\/schema\/logo\/image\/\",\"url\":\"https:\/\/www.djk-werden.de\/handball\/wp-content\/uploads\/2021\/05\/header_2021.png\",\"contentUrl\":\"https:\/\/www.djk-werden.de\/handball\/wp-content\/uploads\/2021\/05\/header_2021.png\",\"width\":1214,\"height\":171,\"caption\":\"Handball - DJK Gr\u00fcn-Wei\u00df Essen-Werden\/Heidhausen e. V.\"},\"image\":{\"@id\":\"https:\/\/www.djk-werden.de\/handball\/#\/schema\/logo\/image\/\"},\"sameAs\":[\"https:\/\/www.facebook.com\/djkwerden\"]}]}<\/script>\n<!-- \/ Yoast SEO plugin. -->","yoast_head_json":{"title":"Handball - DJK Gr\u00fcn-Wei\u00df Essen-Werden\/Heidhausen e. V.","robots":{"index":"index","follow":"follow","max-snippet":"max-snippet:-1","max-image-preview":"max-image-preview:large","max-video-preview":"max-video-preview:-1"},"canonical":"https:\/\/www.djk-werden.de\/handball\/","og_locale":"de_DE","og_type":"article","og_title":"Handball - DJK Gr\u00fcn-Wei\u00df Essen-Werden\/Heidhausen e. V.","og_description":"Alle wichtigen Informationen der Handball-Abteilung in unserer DJK-Werden App! Jetzt im AppStore und Google PlayStore kostenlos downloaden! Die offizielle Handball-App der DJK Gr\u00fcn-Wei\u00df Werden! Mit &hellip;","og_url":"https:\/\/www.djk-werden.de\/handball\/","og_site_name":"Handball - DJK Gr\u00fcn-Wei\u00df Essen-Werden\/Heidhausen e. V.","article_publisher":"https:\/\/www.facebook.com\/djkwerden","article_modified_time":"2024-12-20T10:40:00+00:00","og_image":[{"url":"https:\/\/www.djk-werden.de\/handball\/wp-content\/uploads\/2020\/08\/1-1.png","type":"","width":"","height":""}],"twitter_card":"summary_large_image","twitter_misc":{"Gesch\u00e4tzte Lesezeit":"2\u00a0Minuten"},"schema":{"@context":"https:\/\/schema.org","@graph":[{"@type":"WebPage","@id":"https:\/\/www.djk-werden.de\/handball\/","url":"https:\/\/www.djk-werden.de\/handball\/","name":"Handball - DJK Gr\u00fcn-Wei\u00df Essen-Werden\/Heidhausen e. V.","isPartOf":{"@id":"https:\/\/www.djk-werden.de\/handball\/#website"},"primaryImageOfPage":{"@id":"https:\/\/www.djk-werden.de\/handball\/#primaryimage"},"image":{"@id":"https:\/\/www.djk-werden.de\/handball\/#primaryimage"},"thumbnailUrl":"https:\/\/www.djk-werden.de\/handball\/wp-content\/uploads\/2020\/08\/1-1.png","datePublished":"2018-10-23T08:04:01+00:00","dateModified":"2024-12-20T10:40:00+00:00","breadcrumb":{"@id":"https:\/\/www.djk-werden.de\/handball\/#breadcrumb"},"inLanguage":"de","potentialAction":[{"@type":"ReadAction","target":["https:\/\/www.djk-werden.de\/handball\/"]}]},{"@type":"ImageObject","inLanguage":"de","@id":"https:\/\/www.djk-werden.de\/handball\/#primaryimage","url":"https:\/\/www.djk-werden.de\/handball\/wp-content\/uploads\/2020\/08\/1-1.png","contentUrl":"https:\/\/www.djk-werden.de\/handball\/wp-content\/uploads\/2020\/08\/1-1.png","width":305,"height":553},{"@type":"BreadcrumbList","@id":"https:\/\/www.djk-werden.de\/handball\/#breadcrumb","itemListElement":[{"@type":"ListItem","position":1,"name":"Startseite","item":"https:\/\/www.djk-werden.de\/handball\/"},{"@type":"ListItem","position":2,"name":"Home"}]},{"@type":"WebSite","@id":"https:\/\/www.djk-werden.de\/handball\/#website","url":"https:\/\/www.djk-werden.de\/handball\/","name":"Handball - DJK Gr\u00fcn-Wei\u00df Essen-Werden\/Heidhausen e. V.","description":"","publisher":{"@id":"https:\/\/www.djk-werden.de\/handball\/#organization"},"potentialAction":[{"@type":"SearchAction","target":{"@type":"EntryPoint","urlTemplate":"https:\/\/www.djk-werden.de\/handball\/?s={search_term_string}"},"query-input":{"@type":"PropertyValueSpecification","valueRequired":true,"valueName":"search_term_string"}}],"inLanguage":"de"},{"@type":"Organization","@id":"https:\/\/www.djk-werden.de\/handball\/#organization","name":"Handball - DJK Gr\u00fcn-Wei\u00df Essen-Werden\/Heidhausen e. V.","url":"https:\/\/www.djk-werden.de\/handball\/","logo":{"@type":"ImageObject","inLanguage":"de","@id":"https:\/\/www.djk-werden.de\/handball\/#\/schema\/logo\/image\/","url":"https:\/\/www.djk-werden.de\/handball\/wp-content\/uploads\/2021\/05\/header_2021.png","contentUrl":"https:\/\/www.djk-werden.de\/handball\/wp-content\/uploads\/2021\/05\/header_2021.png","width":1214,"height":171,"caption":"Handball - DJK Gr\u00fcn-Wei\u00df Essen-Werden\/Heidhausen e. V."},"image":{"@id":"https:\/\/www.djk-werden.de\/handball\/#\/schema\/logo\/image\/"},"sameAs":["https:\/\/www.facebook.com\/djkwerden"]}]}},"_links":{"self":[{"href":"https:\/\/www.djk-werden.de\/handball\/wp-json\/wp\/v2\/pages\/31","targetHints":{"allow":["GET"]}}],"collection":[{"href":"https:\/\/www.djk-werden.de\/handball\/wp-json\/wp\/v2\/pages"}],"about":[{"href":"https:\/\/www.djk-werden.de\/handball\/wp-json\/wp\/v2\/types\/page"}],"author":[{"embeddable":true,"href":"https:\/\/www.djk-werden.de\/handball\/wp-json\/wp\/v2\/users\/1"}],"replies":[{"embeddable":true,"href":"https:\/\/www.djk-werden.de\/handball\/wp-json\/wp\/v2\/comments?post=31"}],"version-history":[{"count":0,"href":"https:\/\/www.djk-werden.de\/handball\/wp-json\/wp\/v2\/pages\/31\/revisions"}],"wp:attachment":[{"href":"https:\/\/www.djk-werden.de\/handball\/wp-json\/wp\/v2\/media?parent=31"}],"curies":[{"name":"wp","href":"https:\/\/api.w.org\/{rel}","templated":true}]}}